{"id":155,"date":"2025-11-18T16:56:33","date_gmt":"2025-11-18T16:56:33","guid":{"rendered":"https:\/\/gabbylux8.com\/home\/"},"modified":"2026-05-10T15:29:24","modified_gmt":"2026-05-10T15:29:24","slug":"home","status":"publish","type":"page","link":"https:\/\/gabbylux8.com\/pt\/","title":{"rendered":"Home"},"content":{"rendered":"<div class=\"wp-block-group alignfull hostinger-ai-hero-1 hostinger-ai-fade-up has-gradient-one-gradient-background has-background has-global-padding is-layout-constrained wp-block-group-is-layout-constrained\" data-aos=\"fade-up\">\n<div class=\"wp-block-group alignwide hostinger-ai-fade-up is-layout-grid wp-container-core-group-is-layout-b2a6df44 wp-block-group-is-layout-grid\" data-aos=\"fade-up\" style=\"padding-top:var(--wp--preset--spacing--60);padding-bottom:var(--wp--preset--spacing--60)\">\n<div class=\"wp-block-group hostinger-ai-fade-up wp-container-content-5e2576f9 is-vertical is-content-justification-left is-nowrap is-layout-flex wp-container-core-group-is-layout-e445e5de wp-block-group-is-layout-flex\" data-aos=\"fade-up\">\n<h1 class=\"wp-block-heading hostinger-ai-title has-light-color has-text-color has-link-color has-xx-large-font-size wp-elements-d62e0f326301a2dce0cd236ff272a267\" style=\"margin-top:0;margin-right:0;margin-bottom:0;margin-left:0\">gabbylux8 vibes<\/h1>\n\n\n\n<p class=\"hostinger-ai-description has-light-color has-text-color has-link-color has-medium-font-size wp-elements-d7a4167200b726e875118fe7f9535ec2\" style=\"margin-top:0;margin-bottom:var(--wp--preset--spacing--50)\">Fresh takes on tech, style, and wellness.<\/p>\n\n\n\n<div class=\"wp-block-buttons is-layout-flex wp-block-buttons-is-layout-flex\">\n<div class=\"wp-block-button has-custom-font-size hostinger-ai-cta-button hostinger-index-0 is-style-fill has-medium-font-size\"><a class=\"wp-block-button__link has-light-color has-color-3-background-color has-text-color has-background has-link-color has-border-color wp-element-button\" style=\"border-color:#0d141a;border-width:1px;border-radius:50px;padding-top:var(--wp--preset--spacing--30);padding-right:var(--wp--preset--spacing--70);padding-bottom:var(--wp--preset--spacing--30);padding-left:var(--wp--preset--spacing--70);box-shadow:none\" href=\"https:\/\/gabbylux8.com\/embracing-modern-elegance-whats-new-this-month\/\">Join in<\/a><\/div>\n<\/div>\n<\/div>\n\n\n\n<div class=\"wp-block-group hostinger-ai-fade-up has-global-padding is-layout-constrained wp-block-group-is-layout-constrained\" data-aos=\"fade-up\">\n<figure class=\"wp-block-image size-full has-custom-border hostinger-ai-image\"><img decoding=\"async\" src=\"https:\/\/images.unsplash.com\/photo-1598113583719-92f5d5cc0f66?q=85&amp;w=584&amp;h=438&amp;fit=crop\" alt=\"Several lifestyle magazines are arranged on a wooden table. The publications have vibrant covers, including one with the title 'Banyan' and an image of a woman wearing sunglasses and stylish earrings. The photographed magazines are placed in a neat, overlapping pattern.\" class=\"wp-image-18\" style=\"border-radius:20px\"><\/figure>\n<\/div>\n<\/div>\n<\/div>\n<div class=\"wp-block-group alignfull hostinger-ai-our-blog-1 hostinger-ai-fade-up has-global-padding is-layout-constrained wp-block-group-is-layout-constrained\" data-aos=\"fade-up\">\n    <div class=\"wp-block-group alignwide hostinger-ai-fade-up has-global-padding is-content-justification-left is-layout-constrained wp-container-core-group-is-layout-12dd3699 wp-block-group-is-layout-constrained\" data-aos=\"fade-up\">\n        <h2 class=\"wp-block-heading is-style-default hostinger-ai-title has-dark-color has-text-color has-link-color has-x-large-font-size wp-elements-84eeca3835c2ee996394c7ad96edeb95\" style=\"margin-bottom:var(--wp--preset--spacing--50)\">This Month<\/h2>\n        \n\n        \n        <div data-wp-context=\"{}\" data-wp-interactive=\"core\/query\" data-wp-key=\"24\" data-wp-router-region=\"query-24\" class=\"wp-block-query alignwide is-layout-flow wp-block-query-is-layout-flow\"><ul class=\"columns-2 post-item wp-block-post-template is-layout-grid wp-container-core-post-template-is-layout-02493678 wp-block-post-template-is-layout-grid\"><li data-wp-key=\"post-template-item-161\" class=\"wp-block-post post-161 post type-post status-publish format-standard hentry category-tecnologia-e-inovacoes tag-smartwatches-rings\">\n            <figure class=\"wp-block-post-featured-image\"><a href=\"https:\/\/gabbylux8.com\/pt\/novos-lancamentos-de-smartwatches-e-smart-rings-o-que-esperar\/\" target=\"_self\"  ><img decoding=\"async\" src=\"https:\/\/images.unsplash.com\/photo-1537634987034-578b45727448\" alt=\"Novos Lan\u00e7amentos de Smartwatches e Smart Rings: O Que Esperar?\" class=\"external-featured-image wp-post-image\" style=\"border-radius:20px;object-fit:cover;\" \/><\/a><\/figure>\n\n            <h2 style=\"margin-bottom:0;margin-top:var(--wp--preset--spacing--20);\" class=\"wp-block-post-title has-large-font-size\"><a href=\"https:\/\/gabbylux8.com\/pt\/novos-lancamentos-de-smartwatches-e-smart-rings-o-que-esperar\/\" target=\"_self\" >Novos Lan\u00e7amentos de Smartwatches e Smart Rings: O Que Esperar?<\/a><\/h2>\n\n            <div style=\"margin-bottom:0;margin-top:var(--wp--preset--spacing--20);\" class=\"wp-block-post-excerpt\"><p class=\"wp-block-post-excerpt__excerpt\">Introdu\u00e7\u00e3o aos Novos Lan\u00e7amentos Nos \u00faltimos meses, o mercado de tecnologia tem nos surpreendido com inova\u00e7\u00f5es de tirar o f\u00f4lego.&hellip; <\/p><\/div>\n\n            <div style=\"margin-top:var(--wp--preset--spacing--20);\" class=\"wp-block-post-date\"><time datetime=\"2025-11-18T17:27:13+00:00\">11\/18\/2025<\/time><\/div>\n            <\/li><li data-wp-key=\"post-template-item-153\" class=\"wp-block-post post-153 post type-post status-publish format-standard has-post-thumbnail hentry category-uncategorized\">\n            <figure class=\"wp-block-post-featured-image\"><a href=\"https:\/\/gabbylux8.com\/pt\/embracing-elegance-the-latest-trends-in-technology-and-lifestyle\/\" target=\"_self\"  ><img loading=\"lazy\" decoding=\"async\" width=\"530\" height=\"250\" src=\"https:\/\/images.unsplash.com\/photo-1504983875-d3b163aba9e6?q=85&amp;w=530&amp;h=250&amp;fit=crop\" class=\"attachment-blog-thumb size-blog-thumb wp-post-image\" alt=\"Embracing Elegance: The Latest Trends in Technology and Lifestyle\" style=\"border-radius:20px;object-fit:cover;\" \/><\/a><\/figure>\n\n            <h2 style=\"margin-bottom:0;margin-top:var(--wp--preset--spacing--20);\" class=\"wp-block-post-title has-large-font-size\"><a href=\"https:\/\/gabbylux8.com\/pt\/embracing-elegance-the-latest-trends-in-technology-and-lifestyle\/\" target=\"_self\" >Embracing Elegance: The Latest Trends in Technology and Lifestyle<\/a><\/h2>\n\n            <div style=\"margin-bottom:0;margin-top:var(--wp--preset--spacing--20);\" class=\"wp-block-post-excerpt\"><p class=\"wp-block-post-excerpt__excerpt\">Introduction to Modern Elegance In today&#8217;s fast-paced world, the intersection of technology and lifestyle epitomizes modern elegance. As we embrace&hellip; <\/p><\/div>\n\n            <div style=\"margin-top:var(--wp--preset--spacing--20);\" class=\"wp-block-post-date\"><time datetime=\"2025-11-18T16:56:32+00:00\">11\/18\/2025<\/time><\/div>\n            <\/li><\/ul><\/div>\n        <\/div>\n    <\/div>\n<div class=\"wp-block-group alignwide hostinger-ai-fade-up has-global-padding is-layout-constrained wp-block-group-is-layout-constrained\" data-aos=\"fade-up\" style=\"padding-top:30px;padding-bottom:30px\">\n<div class=\"wp-block-group alignwide hostinger-ai-fade-up is-nowrap is-layout-flex wp-container-core-group-is-layout-3861760c wp-block-group-is-layout-flex\" data-aos=\"fade-up\" style=\"margin-bottom:0\">\n<div class=\"wp-block-columns is-layout-flex wp-container-core-columns-is-layout-28f84493 wp-block-columns-is-layout-flex\">\n<div class=\"wp-block-column is-layout-flow wp-block-column-is-layout-flow\" style=\"flex-basis:50%\">\n<h2 class=\"wp-block-heading hostinger-ai-title has-x-large-font-size\" style=\"margin-bottom:0\">Meet Gabbylux8<\/h2>\n<\/div>\n\n\n\n<div class=\"wp-block-column is-vertically-aligned-center has-small-font-size has-global-padding is-layout-constrained wp-block-column-is-layout-constrained\" style=\"flex-basis:50%\">\n<p class=\"hostinger-ai-description has-medium-font-size\">A fresh take on tech, style, and culture&mdash;curated monthly with elegance and youthful flair.<\/p>\n<\/div>\n<\/div>\n<\/div>\n\n\n\n<div class=\"wp-block-group alignwide hostinger-ai-fade-up is-nowrap is-layout-flex wp-container-core-group-is-layout-e122ece1 wp-block-group-is-layout-flex\" data-aos=\"fade-up\" style=\"margin-bottom:0;padding-top:var(--wp--preset--spacing--30)\">\n<figure class=\"wp-block-image alignfull size-full has-custom-border hostinger-ai-image\"><img decoding=\"async\" src=\"https:\/\/images.unsplash.com\/photo-1570797919067-2dbfd3ebc071?q=85&amp;w=1100&amp;h=359&amp;fit=crop\" alt=\"A flat lay image displaying a combination of lifestyle items including books, cosmetic products, and a colorful scarf. The books have minimalist and fashion themes, while the cosmetics feature elegant packaging. A transparent pouch contains a brochure titled 'VEGAN STYLE' that covers topics such as fashion and beauty.\" class=\"wp-image-119\" style=\"border-radius:20px\"><\/figure>\n<\/div>\n<\/div>\n<div class=\"wp-block-group alignfull hostinger-ai-solid-block hostinger-ai-fade-up has-color-1-background-color has-background has-global-padding is-layout-constrained wp-block-group-is-layout-constrained\" data-aos=\"fade-up\" style=\"padding-top:var(--wp--preset--spacing--60);padding-bottom:var(--wp--preset--spacing--60)\">\n<div class=\"wp-block-group alignwide hostinger-ai-fade-up is-vertical is-content-justification-center is-nowrap is-layout-flex wp-container-core-group-is-layout-4cc6ee0a wp-block-group-is-layout-flex\" data-aos=\"fade-up\" style=\"min-height:0px;padding-top:0;padding-bottom:0\">\n<div class=\"wp-block-group hostinger-ai-fade-up wp-container-content-69bc4bdf has-global-padding is-content-justification-center is-layout-constrained wp-container-core-group-is-layout-78267832 wp-block-group-is-layout-constrained\" data-aos=\"fade-up\">\n<h2 class=\"wp-block-heading has-text-align-center hostinger-ai-title has-dark-color has-text-color has-link-color has-x-large-font-size wp-elements-948b1d9622cb7a44bc98323161dd4de2\" style=\"margin-top:0;margin-right:0;margin-bottom:0;margin-left:0\">Stay Inspired<\/h2>\n\n\n\n<p class=\"has-text-align-center hostinger-ai-description has-dark-color has-text-color has-link-color has-medium-font-size wp-elements-d7e61014779080b44e26e7f0124717bb\" style=\"margin-top:var(--wp--preset--spacing--20);margin-bottom:var(--wp--preset--spacing--50)\">Dive into fresh stories on tech, style, and culture every month.<\/p>\n\n\n\n<div class=\"wp-block-buttons is-content-justification-center is-layout-flex wp-container-core-buttons-is-layout-a89b3969 wp-block-buttons-is-layout-flex\">\n<div class=\"wp-block-button has-custom-font-size hostinger-ai-cta-button has-medium-font-size\"><a class=\"wp-block-button__link has-dark-color has-contrast-background-color has-text-color has-background has-link-color has-border-color wp-element-button\" style=\"border-color:#0d141a;border-width:1px;border-radius:50px;padding-top:var(--wp--preset--spacing--30);padding-right:var(--wp--preset--spacing--70);padding-bottom:var(--wp--preset--spacing--30);padding-left:var(--wp--preset--spacing--70);box-shadow:none\" href=\"https:\/\/gabbylux8.com\/embracing-elegance-the-latest-trends-in-technology-and-lifestyle\/\">Join<\/a><\/div>\n<\/div>\n<\/div>\n<\/div>\n<\/div>\n<div class=\"wp-block-group alignwide hostinger-ai-fade-up hostinger-ai-customer-reviews-3 is-content-justification-center is-nowrap is-layout-flex wp-container-core-group-is-layout-23441af8 wp-block-group-is-layout-flex\" data-aos=\"fade-up\">\n    <div class=\"wp-block-group alignwide hostinger-ai-fade-up is-layout-flow wp-block-group-is-layout-flow\" data-aos=\"fade-up\">\n        <div class=\"wp-block-columns is-layout-flex wp-container-core-columns-is-layout-28f84493 wp-block-columns-is-layout-flex\">\n            <div class=\"wp-block-column is-layout-flow wp-block-column-is-layout-flow\" style=\"flex-basis:40%\">\n                <h2 class=\"wp-block-heading alignfull has-text-align-left hostinger-ai-subtitle has-dark-color has-text-color has-link-color has-x-large-font-size wp-elements-c1f28399e74a546531996e3f97d7e16a\" style=\"margin-bottom:var(--wp--preset--spacing--50)\">Real Voices<\/h2>\n                <\/div>\n            \n\n            \n            <div class=\"wp-block-column is-layout-flow wp-block-column-is-layout-flow\" style=\"flex-basis:60%\">\n                <div class=\"wp-block-group is-vertical is-layout-flex wp-container-core-group-is-layout-fe9cc265 wp-block-group-is-layout-flex\">\n                    <div class=\"wp-block-group hostinger-ai-fade-up is-nowrap is-layout-flex wp-container-core-group-is-layout-42f81c71 wp-block-group-is-layout-flex\" data-aos=\"fade-up\" style=\"padding-bottom:var(--wp--preset--spacing--40)\">\n                        <figure class=\"wp-block-image size-full has-custom-border hostinger-ai-testimonial-image hostinger-index-3\"><img decoding=\"async\" src=\"https:\/\/gabbylux8.com\/wp-content\/themes\/hostinger-ai-theme\/assets\/images\/testimonials\/man-8-180x200-c.jpg\" alt=\"\" class=\"wp-image-266\" style=\"border-radius:20px;object-fit:cover\"><\/figure>\n                        \n\n                        \n                        <p class=\"hostinger-ai-testimonial-text hostinger-index-1 has-dark-color has-text-color has-link-color has-medium-font-size wp-elements-30d0856cd39c1822c5640b51995c12cf wp-container-content-69bc4bdf\" style=\"padding-left:var(--wp--preset--spacing--20)\">&rdquo;Gabbylux8 always keeps me inspired with fresh takes on tech and lifestyle trends.&rdquo;<\/p>\n                        <\/div>\n                    \n\n                    \n                    <div class=\"wp-block-group hostinger-ai-fade-up is-nowrap is-layout-flex wp-container-core-group-is-layout-6c531013 wp-block-group-is-layout-flex\" data-aos=\"fade-up\">\n                        <figure class=\"wp-block-image size-full has-custom-border hostinger-ai-testimonial-image hostinger-index-4\"><img decoding=\"async\" src=\"https:\/\/gabbylux8.com\/wp-content\/themes\/hostinger-ai-theme\/assets\/images\/testimonials\/man-9-180x200-c.jpg\" alt=\"\" class=\"wp-image-265\" style=\"border-radius:20px;object-fit:cover\"><\/figure>\n                        \n\n                        \n                        <p class=\"hostinger-ai-testimonial-text has-dark-color has-text-color has-link-color has-medium-font-size wp-elements-ccf77e8ebd28c380ed594d7158995a8c wp-container-content-69bc4bdf\" style=\"padding-left:var(--wp--preset--spacing--20)\">&rdquo;The blog&rsquo;s elegant vibe and thoughtful content make every visit a treat.&rdquo;<\/p>\n                        <\/div>\n                    <\/div>\n                <\/div>\n            <\/div>\n        <\/div>\n    <\/div>","protected":false},"excerpt":{"rendered":"<p>gabbylux8 vibes Fresh takes on tech, style, and wellness. This Month Meet Gabbylux8 A fresh take on tech, style, and culture&mdash;curated monthly with elegance and youthful flair. Stay Inspired Dive into fresh stories on tech, style, and culture every month. Real Voices &rdquo;Gabbylux8 always keeps me inspired with fresh takes on tech and lifestyle trends.&rdquo; [&hellip;]<\/p>","protected":false},"author":1,"featured_media":0,"parent":0,"menu_order":0,"comment_status":"closed","ping_status":"closed","template":"","meta":{"footnotes":""},"class_list":["post-155","page","type-page","status-publish","hentry"],"_hostinger_reach_plugin_has_subscription_block":false,"_hostinger_reach_plugin_is_elementor":false,"_links":{"self":[{"href":"https:\/\/gabbylux8.com\/pt\/wp-json\/wp\/v2\/pages\/155","targetHints":{"allow":["GET"]}}],"collection":[{"href":"https:\/\/gabbylux8.com\/pt\/wp-json\/wp\/v2\/pages"}],"about":[{"href":"https:\/\/gabbylux8.com\/pt\/wp-json\/wp\/v2\/types\/page"}],"author":[{"embeddable":true,"href":"https:\/\/gabbylux8.com\/pt\/wp-json\/wp\/v2\/users\/1"}],"replies":[{"embeddable":true,"href":"https:\/\/gabbylux8.com\/pt\/wp-json\/wp\/v2\/comments?post=155"}],"version-history":[{"count":1,"href":"https:\/\/gabbylux8.com\/pt\/wp-json\/wp\/v2\/pages\/155\/revisions"}],"predecessor-version":[{"id":182,"href":"https:\/\/gabbylux8.com\/pt\/wp-json\/wp\/v2\/pages\/155\/revisions\/182"}],"wp:attachment":[{"href":"https:\/\/gabbylux8.com\/pt\/wp-json\/wp\/v2\/media?parent=155"}],"curies":[{"name":"wp","href":"https:\/\/api.w.org\/{rel}","templated":true}]}}