{"id":157,"date":"2025-11-18T16:56:47","date_gmt":"2025-11-18T16:56:47","guid":{"rendered":"https:\/\/gabbylux8.com\/gallery\/"},"modified":"2025-11-18T18:19:22","modified_gmt":"2025-11-18T18:19:22","slug":"gallery","status":"publish","type":"page","link":"https:\/\/gabbylux8.com\/en\/gallery\/","title":{"rendered":"Gallery"},"content":{"rendered":"\n<div class=\"wp-block-group alignfull hostinger-ai-gallery-7 hostinger-ai-fade-up is-layout-flow wp-block-group-is-layout-flow\" data-aos=\"fade-up\">\n<div class=\"wp-block-group alignwide hostinger-ai-fade-up has-global-padding is-layout-constrained wp-block-group-is-layout-constrained\" data-aos=\"fade-up\" style=\"padding-top:var(--wp--preset--spacing--60);padding-bottom:var(--wp--preset--spacing--60)\">\n<p class=\"has-text-align-center\"><\/p>\n\n\n\n<p class=\"has-text-align-center hostinger-ai-description has-dark-color has-text-color has-link-color has-medium-font-size wp-elements-c653a57d057681ae37d45c3d4f7e4111\" style=\"margin-top:0;margin-bottom:0\">Snapshots from recent events, launches, and lifestyle moments at gabbylux8.<\/p>\n<\/div>\n\n\n\n<div class=\"wp-block-group hostinger-ai-fade-up has-global-padding is-layout-constrained wp-block-group-is-layout-constrained\" data-aos=\"fade-up\" style=\"margin-top:0;margin-bottom:var(--wp--preset--spacing--60)\">\n<div class=\"wp-block-group alignwide has-global-padding is-layout-constrained wp-block-group-is-layout-constrained\">\n<figure class=\"wp-block-image alignwide size-full has-custom-border hostinger-ai-image hostinger-index-30\"><img decoding=\"async\" src=\"https:\/\/images.unsplash.com\/photo-1600705391802-f980073710cb?q=85&amp;w=1100&amp;h=545&amp;fit=crop\" alt=\"A smartphone displaying a fashion browsing interface. The screen shows images of models wearing designer clothing, with names like Oscar de la Renta and Roland Mouret prominently displayed. The phone is placed on a wooden table.\" class=\"wp-image-1256\" style=\"border-radius:16px\"\/><\/figure>\n<\/div>\n\n\n    <div class=\"hostinger-affiliate-block-single-type\">\n                    <div class=\"hostinger-affiliate-block-single-type__image\">\n                <a href=\"https:\/\/www.amazon.es\/dp\/B0D9WVTHPV?tag=gabbylux8-21\" target=\"_blank\" rel=\"nofollow noopener noreferrer\">\n                    <img decoding=\"async\" src=\"https:\/\/m.media-amazon.com\/images\/I\/41b2+ZYLoHL._AC_.jpg\" alt=\"OURA Ring 4 Anillo Inteligente - Stealth - Talla 7 | Averigua tu ...\">\n                <\/a>\n            <\/div>\n                    <div class=\"hostinger-affiliate-block-single-type__product-data\">\n            <div class=\"hostinger-affiliate-block-single-type__product-title\">\n                <a href=\"https:\/\/www.amazon.es\/dp\/B0D9WVTHPV?tag=gabbylux8-21\" target=\"_blank\" rel=\"nofollow noopener noreferrer\">\n                    <h3>\n                        OURA Ring 4 Anillo Inteligente &#8211; Stealth &#8211; Talla 7 | Averigua tu &#8230;                    <\/h3>\n                <\/a>\n            <\/div>\n                            <div class=\"hostinger-affiliate-block-single-type__product-description\">\n                            <ul>\n                                <li>AVERIGUA TU TALLA ANTES DE COMPRAR &#8211; Las tallas del Oura Ring 4 son diferentes a las de los anillos convencionales<\/li>\n                                        <li>SUSCRIPCI\u00d3N A OURA &#8211; El primer mes es gratis al comprar un anillo. Despu\u00e9s, cuesta 5,99 \u20ac\/mes. Oferta solo v\u00e1lida para n&#8230;<\/li>\n                                        <li>SMART SENSING &#8211; Oura hace un seguimiento de m\u00e1s de 30 constantes vitales: sue\u00f1o, actividad, estr\u00e9s, salud card\u00edaca, cicl&#8230;<\/li>\n                            <\/ul>\n                        <\/div>\n                            <div class=\"hostinger-affiliate-block-single-type__product-actions\">\n                                    <div class=\"hostinger-affiliate-block-single-type__product-price\">\n                        449,00\u20ac                    <\/div>\n                                    <div class=\"hostinger-affiliate-block-single-type__product-button-wrap\">\n                    <a href=\"https:\/\/www.amazon.es\/dp\/B0D9WVTHPV?tag=gabbylux8-21\" class=\"hostinger-affiliate-block-single-type__product-amazon-button\" target=\"_blank\" rel=\"nofollow noopener noreferrer\">\n    Buy on Amazon<\/a>\n                <\/div>\n\n            <\/div>\n        <\/div>\n    <\/div>\n    <\/div>\n<\/div>\n\n\n\n<div class=\"wp-block-group alignfull hostinger-ai-our-projects-5 hostinger-ai-fade-up has-global-padding is-layout-constrained wp-block-group-is-layout-constrained\" data-aos=\"fade-up\">\n<div class=\"wp-block-group alignwide hostinger-ai-fade-up has-global-padding is-content-justification-left is-layout-constrained wp-container-core-group-is-layout-12dd3699 wp-block-group-is-layout-constrained\" data-aos=\"fade-up\">\n<h2 class=\"wp-block-heading is-style-default hostinger-ai-title has-dark-color has-text-color has-link-color has-x-large-font-size wp-elements-f141c6b00e1b8a81110fc2f71cf8af56\" style=\"margin-bottom:var(--wp--preset--spacing--50)\">Tech Pulse<\/h2>\n\n\n\n<div class=\"wp-block-columns alignwide is-layout-flex wp-container-core-columns-is-layout-a5cf46d6 wp-block-columns-is-layout-flex\" style=\"margin-bottom:var(--wp--preset--spacing--40)\">\n<div class=\"wp-block-column is-layout-flow wp-block-column-is-layout-flow\" style=\"flex-basis:40%\">\n<div class=\"wp-block-group hostinger-ai-fade-up has-global-padding is-layout-constrained wp-container-core-group-is-layout-29a8626f wp-block-group-is-layout-constrained\" data-aos=\"fade-up\" data-aos=\"fade-up\" data-aos=\"fade-up\" style=\"padding-top:0;padding-right:var(--wp--preset--spacing--20);padding-bottom:0;padding-left:var(--wp--preset--spacing--20)\">\n<p class=\"has-text-align-left hostinger-ai-project-title hostinger-ai-font-bold has-dark-color has-text-color has-link-color has-medium-font-size wp-elements-63a47e8bd323b92b74632f880ef98877\" style=\"margin-top:var(--wp--preset--spacing--40)\">Style Spot<\/p>\n\n\n\n<p class=\"has-text-align-left hostinger-ai-project-description has-dark-color has-text-color has-link-color has-medium-font-size wp-elements-6074ae2278559087e9c89ff2c6aa9d8e\" style=\"margin-top:var(--wp--preset--spacing--40);padding-right:var(--wp--preset--spacing--60)\">Highlighting this month\u2019s boldest fashion trends, from runway looks to street style vibes.<\/p>\n<\/div>\n\n\n\n<figure class=\"wp-block-image size-full is-resized has-custom-border hostinger-ai-image hostinger-index-31\"><img decoding=\"async\" src=\"https:\/\/images.unsplash.com\/photo-1703243176626-de7c42022e66?q=85&amp;w=208&amp;h=208&amp;fit=crop\" alt=\"A woman stands elegantly in a detailed embroidered outfit featuring intricate floral patterns. She accessorizes with a necklace, bracelet, earrings, and a ring, highlighting a sophisticated fashion sense. Beside her is a modern lamp with a black shade, contrasting against flowing white curtains in the background.\" class=\"wp-image-1259\" style=\"border-radius:16px;width:339px;height:auto\"\/><\/figure>\n<\/div>\n\n\n\n<div class=\"wp-block-column is-layout-flow wp-block-column-is-layout-flow\" style=\"flex-basis:60%\">\n<div class=\"wp-block-group hostinger-ai-fade-up has-global-padding is-layout-constrained wp-container-core-group-is-layout-29a8626f wp-block-group-is-layout-constrained\" data-aos=\"fade-up\" data-aos=\"fade-up\" style=\"padding-top:0;padding-right:var(--wp--preset--spacing--20);padding-bottom:0;padding-left:var(--wp--preset--spacing--20)\">\n<p class=\"has-text-align-left hostinger-ai-project-title hostinger-ai-font-bold hostinger-index-1 has-dark-color has-text-color has-link-color has-medium-font-size wp-elements-290062f31b94b53892f5ab213f36fe3e\" style=\"margin-top:var(--wp--preset--spacing--40)\">Beauty Buzz<\/p>\n\n\n\n<p class=\"has-text-align-left hostinger-ai-project-description hostinger-index-1 has-dark-color has-text-color has-link-color has-medium-font-size wp-elements-699adfe73612f1eb675c44b17e8a5bb7\" style=\"margin-top:var(--wp--preset--spacing--40);padding-right:var(--wp--preset--spacing--60)\">Fresh beauty launches that bring radiant glow and effortless charm into your daily routine.<\/p>\n\n\n\n<figure class=\"wp-block-image size-full is-resized has-custom-border hostinger-ai-project-image hostinger-index-11\"><img decoding=\"async\" src=\"https:\/\/images.unsplash.com\/photo-1593938741626-ba54576a743d?q=85&amp;w=625&amp;h=335&amp;fit=crop\" alt=\"A fashion magazine lies on a white surface, next to a bottle of Chanel perfume and a Chanel foundation. The magazine features a cover with a model wearing a white lace outfit and has prominent yellow lettering.\" class=\"wp-image-673\" style=\"border-radius:20px;width:636px;height:auto\"\/><\/figure>\n<\/div>\n<\/div>\n<\/div>\n\n\n\n<div class=\"wp-block-columns alignwide is-layout-flex wp-container-core-columns-is-layout-28f84493 wp-block-columns-is-layout-flex\">\n<div class=\"wp-block-column is-layout-flow wp-block-column-is-layout-flow\" style=\"flex-basis:60%\">\n<div class=\"wp-block-group hostinger-ai-fade-up has-global-padding is-layout-constrained wp-container-core-group-is-layout-29a8626f wp-block-group-is-layout-constrained\" data-aos=\"fade-up\" data-aos=\"fade-up\" data-aos=\"fade-up\" style=\"padding-top:0;padding-right:var(--wp--preset--spacing--20);padding-bottom:0;padding-left:var(--wp--preset--spacing--20)\">\n<p class=\"has-text-align-left hostinger-ai-project-title hostinger-ai-font-bold hostinger-index-2 has-dark-color has-text-color has-link-color has-medium-font-size wp-elements-4f7260b19f8fbd181420ab9a749d2a6d\" style=\"margin-top:var(--wp--preset--spacing--40)\">Culture Vibe<\/p>\n\n\n\n<p class=\"has-text-align-left hostinger-ai-project-description hostinger-index-2 has-dark-color has-text-color has-link-color has-medium-font-size wp-elements-9198838a9356f94647733cbf65ecbc81\" style=\"margin-top:var(--wp--preset--spacing--40);padding-right:var(--wp--preset--spacing--60)\">Immersing ourselves in vibrant events and local stories that shape today\u2019s cultural pulse.<\/p>\n\n\n\n<figure class=\"wp-block-image size-full has-custom-border hostinger-ai-project-image hostinger-index-12\"><img decoding=\"async\" src=\"https:\/\/images.unsplash.com\/photo-1691187861257-a56c4aa2d7fb?q=85&amp;w=625&amp;h=335&amp;fit=crop\" alt=\"A well-lit interior of a cosmetics store featuring a wooden display table with vibrant blue and turquoise boxed skincare products. There are promotional signs showcasing skincare items, decorative large glass jars, and an arrangement of white artificial blossoms, creating a luxurious atmosphere. Shelves in the background are filled with various beauty products.\" class=\"wp-image-673\" style=\"border-radius:20px\"\/><\/figure>\n<\/div>\n<\/div>\n\n\n\n<div class=\"wp-block-column is-layout-flow wp-block-column-is-layout-flow\" style=\"flex-basis:40%\">\n<div class=\"wp-block-group hostinger-ai-fade-up has-global-padding is-layout-constrained wp-container-core-group-is-layout-29a8626f wp-block-group-is-layout-constrained\" data-aos=\"fade-up\" data-aos=\"fade-up\" style=\"padding-top:0;padding-right:var(--wp--preset--spacing--20);padding-bottom:0;padding-left:var(--wp--preset--spacing--20)\">\n<p class=\"has-text-align-left hostinger-ai-project-title hostinger-ai-font-bold hostinger-index-3 has-dark-color has-text-color has-link-color has-medium-font-size wp-elements-e0d6ffbc7a4f4430e52d6770053913e8\" style=\"margin-top:var(--wp--preset--spacing--40)\">Well-Being<\/p>\n\n\n\n<p class=\"has-text-align-left hostinger-ai-project-description hostinger-index-3 has-dark-color has-text-color has-link-color has-medium-font-size wp-elements-ce6a9bbb0f21c50068f293434f79e35a\" style=\"margin-top:var(--wp--preset--spacing--40);padding-right:var(--wp--preset--spacing--60)\">Simple wellness tips and mindful moments to recharge your body and spirit.<\/p>\n\n\n\n<figure class=\"wp-block-image size-full has-custom-border hostinger-ai-project-image hostinger-index-13\"><img decoding=\"async\" src=\"https:\/\/images.unsplash.com\/photo-1612451904081-a49e4ea23397?q=85&amp;w=410&amp;h=335&amp;fit=crop\" alt=\"A person holds a magazine and appears to be engaged with it. The magazine cover features a headline 'How to Spend It' and images related to fashion and lifestyle, including a stylishly dressed individual and a cat. The setting is indoors with a curtain visible in the background.\" class=\"wp-image-671\" style=\"border-radius:20px\"\/><\/figure>\n<\/div>\n<\/div>\n<\/div>\n<\/div>\n<\/div>\n\n\n\n<p><\/p>\n","protected":false},"excerpt":{"rendered":"<p>Snapshots from recent events, launches, and lifestyle moments at gabbylux8. Tech Pulse Style Spot Highlighting this month\u2019s boldest fashion trends, from runway looks to street style vibes. Beauty Buzz Fresh beauty launches that bring radiant glow and effortless charm into your daily routine. Culture Vibe Immersing ourselves in vibrant events and local stories that shape [&hellip;]<\/p>\n","protected":false},"author":1,"featured_media":0,"parent":0,"menu_order":0,"comment_status":"closed","ping_status":"closed","template":"","meta":{"footnotes":""},"class_list":["post-157","page","type-page","status-publish","hentry"],"_hostinger_reach_plugin_has_subscription_block":false,"_hostinger_reach_plugin_is_elementor":false,"_links":{"self":[{"href":"https:\/\/gabbylux8.com\/en\/wp-json\/wp\/v2\/pages\/157","targetHints":{"allow":["GET"]}}],"collection":[{"href":"https:\/\/gabbylux8.com\/en\/wp-json\/wp\/v2\/pages"}],"about":[{"href":"https:\/\/gabbylux8.com\/en\/wp-json\/wp\/v2\/types\/page"}],"author":[{"embeddable":true,"href":"https:\/\/gabbylux8.com\/en\/wp-json\/wp\/v2\/users\/1"}],"replies":[{"embeddable":true,"href":"https:\/\/gabbylux8.com\/en\/wp-json\/wp\/v2\/comments?post=157"}],"version-history":[{"count":4,"href":"https:\/\/gabbylux8.com\/en\/wp-json\/wp\/v2\/pages\/157\/revisions"}],"predecessor-version":[{"id":175,"href":"https:\/\/gabbylux8.com\/en\/wp-json\/wp\/v2\/pages\/157\/revisions\/175"}],"wp:attachment":[{"href":"https:\/\/gabbylux8.com\/en\/wp-json\/wp\/v2\/media?parent=157"}],"curies":[{"name":"wp","href":"https:\/\/api.w.org\/{rel}","templated":true}]}}